{"id":913,"date":"2022-02-04T07:57:55","date_gmt":"2022-02-04T06:57:55","guid":{"rendered":"https:\/\/masquestar.com\/politique-de-confidentialite\/"},"modified":"2024-06-11T13:27:37","modified_gmt":"2024-06-11T11:27:37","slug":"politique-de-confidentialite","status":"publish","type":"page","link":"https:\/\/masquestar.com\/fr\/politique-de-confidentialite\/","title":{"rendered":"Politique de confidentialit\u00e9"},"content":{"rendered":"\t\t<div data-elementor-type=\"wp-page\" data-elementor-id=\"913\" class=\"elementor elementor-913 elementor-3\" data-elementor-post-type=\"page\">\n\t\t\t\t\t\t<section class=\"elementor-section elementor-top-section elementor-element elementor-element-527dca4 elementor-section-height-min-height elementor-section-boxed elementor-section-height-default elementor-section-items-middle\" data-id=\"527dca4\" data-element_type=\"section\" data-settings=\"{&quot;background_background&quot;:&quot;classic&quot;,&quot;jet_parallax_layout_list&quot;:[{&quot;jet_parallax_layout_image&quot;:{&quot;url&quot;:&quot;&quot;,&quot;id&quot;:&quot;&quot;,&quot;size&quot;:&quot;&quot;},&quot;_id&quot;:&quot;a96c014&quot;,&quot;jet_parallax_layout_image_tablet&quot;:{&quot;url&quot;:&quot;&quot;,&quot;id&quot;:&quot;&quot;,&quot;size&quot;:&quot;&quot;},&quot;jet_parallax_layout_image_mobile&quot;:{&quot;url&quot;:&quot;&quot;,&quot;id&quot;:&quot;&quot;,&quot;size&quot;:&quot;&quot;},&quot;jet_parallax_layout_speed&quot;:{&quot;unit&quot;:&quot;%&quot;,&quot;size&quot;:50,&quot;sizes&quot;:[]},&quot;jet_parallax_layout_type&quot;:&quot;scroll&quot;,&quot;jet_parallax_layout_direction&quot;:null,&quot;jet_parallax_layout_fx_direction&quot;:null,&quot;jet_parallax_layout_z_index&quot;:&quot;&quot;,&quot;jet_parallax_layout_bg_x&quot;:50,&quot;jet_parallax_layout_bg_x_tablet&quot;:&quot;&quot;,&quot;jet_parallax_layout_bg_x_mobile&quot;:&quot;&quot;,&quot;jet_parallax_layout_bg_y&quot;:50,&quot;jet_parallax_layout_bg_y_tablet&quot;:&quot;&quot;,&quot;jet_parallax_layout_bg_y_mobile&quot;:&quot;&quot;,&quot;jet_parallax_layout_bg_size&quot;:&quot;auto&quot;,&quot;jet_parallax_layout_bg_size_tablet&quot;:&quot;&quot;,&quot;jet_parallax_layout_bg_size_mobile&quot;:&quot;&quot;,&quot;jet_parallax_layout_animation_prop&quot;:&quot;transform&quot;,&quot;jet_parallax_layout_on&quot;:[&quot;desktop&quot;,&quot;tablet&quot;]}]}\">\n\t\t\t\t\t\t<div class=\"elementor-container elementor-column-gap-default\">\n\t\t\t\t\t<div class=\"elementor-column elementor-col-100 elementor-top-column elementor-element elementor-element-5408569\" data-id=\"5408569\" data-element_type=\"column\">\n\t\t\t<div class=\"elementor-widget-wrap elementor-element-populated\">\n\t\t\t\t\t\t\t<\/div>\n\t\t<\/div>\n\t\t\t\t\t<\/div>\n\t\t<\/section>\n\t\t\t\t<section class=\"elementor-section elementor-top-section elementor-element elementor-element-a742112 elementor-section-boxed elementor-section-height-default elementor-section-height-default\" data-id=\"a742112\" data-element_type=\"section\" data-settings=\"{&quot;jet_parallax_layout_list&quot;:[]}\">\n\t\t\t\t\t\t<div class=\"elementor-container elementor-column-gap-default\">\n\t\t\t\t\t<div class=\"elementor-column elementor-col-100 elementor-top-column elementor-element elementor-element-5c3bc76\" data-id=\"5c3bc76\" data-element_type=\"column\">\n\t\t\t<div class=\"elementor-widget-wrap elementor-element-populated\">\n\t\t\t\t\t\t<div class=\"elementor-element elementor-element-7d177070 elementor-widget elementor-widget-text-editor\" data-id=\"7d177070\" data-element_type=\"widget\" data-widget_type=\"text-editor.default\">\n\t\t\t\t<div class=\"elementor-widget-container\">\n\t\t\t<style>\/*! elementor - v3.21.0 - 26-05-2024 *\/\n.elementor-widget-text-editor.elementor-drop-cap-view-stacked .elementor-drop-cap{background-color:#69727d;color:#fff}.elementor-widget-text-editor.elementor-drop-cap-view-framed .elementor-drop-cap{color:#69727d;border:3px solid;background-color:transparent}.elementor-widget-text-editor:not(.elementor-drop-cap-view-default) .elementor-drop-cap{margin-top:8px}.elementor-widget-text-editor:not(.elementor-drop-cap-view-default) .elementor-drop-cap-letter{width:1em;height:1em}.elementor-widget-text-editor .elementor-drop-cap{float:left;text-align:center;line-height:1;font-size:50px}.elementor-widget-text-editor .elementor-drop-cap-letter{display:inline-block}<\/style>\t\t\t\tEl Reglamento <strong>(UE) 2016\/679 de protecci\u00f3n de datos de car\u00e1cter personal<\/strong>, establece un nuevo enfoque para el control y el tratamiento de los datos de car\u00e1cter personal. Hemos revisado y adaptado nuestra pol\u00edtica de privacidad a los nuevos requisitos y queremos ofrecer mayor informaci\u00f3n y transparencia en relaci\u00f3n con el tratamiento de los datos personales.\r\n\r\nMasquestar es <strong>responsable del tratamiento<\/strong> de los datos de car\u00e1cter personal de sus usuarios y clientes, as\u00ed como de los datos que puedan ser recabados a trav\u00e9s del sitio web.\r\n<strong>\u00a0<\/strong>\r\nMasquestar informa a los usuarios del sitio web sobre su pol\u00edtica respecto del tratamiento y protecci\u00f3n de los datos de car\u00e1cter personal de los usuarios y clientes que puedan ser recabados por la navegaci\u00f3n o contrataci\u00f3n de servicios a trav\u00e9s de su sitio web.\r\n\r\n<strong>Finalidad del tratamiento de los datos.<\/strong>\r\n\r\nSus datos de car\u00e1cter personal se recaban con la finalidad de prestar y mantener los servicios acordados contractualmente as\u00ed como poder informarle sobre los nuevos productos y servicios.\r\n\r\nEl tratamiento de los datos que nos facilite a trav\u00e9s de los formularios de la web www.masquestar.com, se regir\u00e1 por esta misma pol\u00edtica de privacidad.\r\n\r\nLas operaciones, gestiones y procedimientos t\u00e9cnicos que se realicen de forma automatizada o no automatizada y que posibiliten la recogida, el almacenamiento, la modificaci\u00f3n, la transferencia y otras acciones sobre datos de car\u00e1cter personal, tienen la consideraci\u00f3n de tratamiento de datos personales.\r\n\r\nMasquestar proceder\u00e1 a tratar los datos de car\u00e1cter personal de manera l\u00edcita, leal, transparente, adecuada, pertinente, limitada, exacta y actualizada.\r\n\r\n<strong>Datos recabados para la prestaci\u00f3n de un servicio<\/strong>\r\n\r\nLos datos de car\u00e1cter personal que nos facilite para la prestaci\u00f3n de un servicio ser\u00e1n los m\u00ednimos exigibles para poder elaborar el contrato as\u00ed como para poder ofrecerle los servicios que usted contrate y para el cumplimiento de las obligaciones legales.\r\n\r\nLos datos ser\u00e1n conservados durante los plazos legalmente establecidos.\r\n\r\n<strong>Datos recabados para la solicitud de informaci\u00f3n a trav\u00e9s del formulario web.<\/strong>\r\n\r\nLos datos personales recabados a trav\u00e9s del formulario web para la petici\u00f3n de informaci\u00f3n tienen como finalidad el env\u00edo de informaci\u00f3n comercial sobre nuestros productos y servicios.\r\n\r\nEl tratamiento de los datos en este caso est\u00e1 legitimado por el consentimiento expreso que usted nos presta al aceptar el env\u00edo de la informaci\u00f3n aportada a trav\u00e9s del formulario.\r\n\r\n<strong>Ejercicio de los derechos <\/strong>\r\n\r\nDe acuerdo con los derechos que confiere el Reglamento (UE) 2016\/679 de protecci\u00f3n de datos de car\u00e1cter personal podr\u00e1 ejercer los derechos de acceso, rectificaci\u00f3n, limitaci\u00f3n de tratamiento, supresi\u00f3n, portabilidad y oposici\u00f3n al tratamiento de sus datos dirigiendo su petici\u00f3n a la direcci\u00f3n postal indicada o al correo electr\u00f3nico info@masquestar.com.\r\n\r\nPara el ejercicio de los derechos deber\u00e1 identificarse mediante la presentaci\u00f3n de su DNI.\r\n\r\n<strong>Destinatarios<\/strong>\r\n\r\nMasquestar informa a los usuarios de que sus datos personales no ser\u00e1n comunicados a terceros, con la salvedad de que dicha comunicaci\u00f3n de datos este amparada en una obligaci\u00f3n legal o cuando la prestaci\u00f3n de un servicio implique la necesidad de una relaci\u00f3n contractual con un encargado de tratamiento. En este \u00faltimo caso, los destinatarios de sus datos pueden ser empresas del grupo, empresas de solvencia patrimonial (en el caso de impagos, comunicados mediante los procedimientos y garant\u00edas establecidos por la normativa vigente) as\u00ed como determinados encargados del tratamiento necesarios para la correcta prestaci\u00f3n de los servicios).\r\n\r\nMasquestar mantiene unos criterios estrictos de selecci\u00f3n de encargados de tratamiento y se compromete contractualmente con cada uno a cumplir y hacer cumplir las obligaciones establecidas en materia de protecci\u00f3n de datos\r\n\r\n<strong>Variaci\u00f3n de los datos<\/strong>\r\n\r\nMientras no nos comuniquen lo contrario, entenderemos que los datos no han sido modificados y que usted se compromete a notificarnos cualquier variaci\u00f3n.\r\n\r\nPara cualquier reclamaci\u00f3n puede dirigirse Masquestar. Igualmente podr\u00e1 dirigirse a la Agencia Espa\u00f1ola de Protecci\u00f3n de Datos\u00a0<a href=\"https:\/\/www.aepd.es\/\">www.aepd.es<\/a>.\t\t\t\t\t\t<\/div>\n\t\t\t\t<\/div>\n\t\t\t\t\t<\/div>\n\t\t<\/div>\n\t\t\t\t\t<\/div>\n\t\t<\/section>\n\t\t\t\t<\/div>\n\t\t","protected":false},"excerpt":{"rendered":"<p>El Reglamento (UE) 2016\/679 de protecci\u00f3n de datos de car\u00e1cter personal, establece un nuevo enfoque para el control y el tratamiento de los datos de car\u00e1cter personal. Hemos revisado y adaptado nuestra pol\u00edtica de privacidad a los nuevos requisitos y queremos ofrecer mayor informaci\u00f3n y transparencia en relaci\u00f3n con el tratamiento de los datos personales. [&hellip;]<\/p>\n","protected":false},"author":1,"featured_media":0,"parent":0,"menu_order":0,"comment_status":"closed","ping_status":"closed","template":"","meta":{"footnotes":""},"class_list":["post-913","page","type-page","status-publish","hentry"],"yoast_head":"<!-- This site is optimized with the Yoast SEO plugin v22.8 - https:\/\/yoast.com\/wordpress\/plugins\/seo\/ -->\n<title>Politique de confidentialit\u00e9 - Masquestar<\/title>\n<meta name=\"robots\" content=\"noindex, nofollow\" \/>\n<meta property=\"og:locale\" content=\"fr_FR\" \/>\n<meta property=\"og:type\" content=\"article\" \/>\n<meta property=\"og:title\" content=\"Politique de confidentialit\u00e9 - Masquestar\" \/>\n<meta property=\"og:description\" content=\"El Reglamento (UE) 2016\/679 de protecci\u00f3n de datos de car\u00e1cter personal, establece un nuevo enfoque para el control y el tratamiento de los datos de car\u00e1cter personal. Hemos revisado y adaptado nuestra pol\u00edtica de privacidad a los nuevos requisitos y queremos ofrecer mayor informaci\u00f3n y transparencia en relaci\u00f3n con el tratamiento de los datos personales. [&hellip;]\" \/>\n<meta property=\"og:url\" content=\"https:\/\/masquestar.com\/politica-de-privacidad\/\" \/>\n<meta property=\"og:site_name\" content=\"Masquestar\" \/>\n<meta property=\"article:modified_time\" content=\"2024-06-11T11:27:37+00:00\" \/>\n<meta property=\"og:image\" content=\"https:\/\/masquestar.com\/wp-content\/uploads\/2024\/05\/logo-masquestar-1200.jpg\" \/>\n\t<meta property=\"og:image:width\" content=\"1200\" \/>\n\t<meta property=\"og:image:height\" content=\"675\" \/>\n\t<meta property=\"og:image:type\" content=\"image\/jpeg\" \/>\n<meta name=\"twitter:card\" content=\"summary_large_image\" \/>\n<meta name=\"twitter:label1\" content=\"Dur\u00e9e de lecture estim\u00e9e\" \/>\n\t<meta name=\"twitter:data1\" content=\"3 minutes\" \/>\n<script type=\"application\/ld+json\" class=\"yoast-schema-graph\">{\"@context\":\"https:\/\/schema.org\",\"@graph\":[{\"@type\":\"WebPage\",\"@id\":\"https:\/\/masquestar.com\/politica-de-privacidad\/\",\"url\":\"https:\/\/masquestar.com\/politica-de-privacidad\/\",\"name\":\"Politique de confidentialit\u00e9 - Masquestar\",\"isPartOf\":{\"@id\":\"https:\/\/masquestar.com\/#website\"},\"datePublished\":\"2022-02-04T06:57:55+00:00\",\"dateModified\":\"2024-06-11T11:27:37+00:00\",\"breadcrumb\":{\"@id\":\"https:\/\/masquestar.com\/politica-de-privacidad\/#breadcrumb\"},\"inLanguage\":\"fr-FR\",\"potentialAction\":[{\"@type\":\"ReadAction\",\"target\":[\"https:\/\/masquestar.com\/politica-de-privacidad\/\"]}]},{\"@type\":\"BreadcrumbList\",\"@id\":\"https:\/\/masquestar.com\/politica-de-privacidad\/#breadcrumb\",\"itemListElement\":[{\"@type\":\"ListItem\",\"position\":1,\"name\":\"Portada\",\"item\":\"https:\/\/masquestar.com\/\"},{\"@type\":\"ListItem\",\"position\":2,\"name\":\"Politique de confidentialit\u00e9\"}]},{\"@type\":\"WebSite\",\"@id\":\"https:\/\/masquestar.com\/#website\",\"url\":\"https:\/\/masquestar.com\/\",\"name\":\"Masquestar\",\"description\":\"Alojamientos vacacionales\",\"publisher\":{\"@id\":\"https:\/\/masquestar.com\/#organization\"},\"potentialAction\":[{\"@type\":\"SearchAction\",\"target\":{\"@type\":\"EntryPoint\",\"urlTemplate\":\"https:\/\/masquestar.com\/?s={search_term_string}\"},\"query-input\":\"required name=search_term_string\"}],\"inLanguage\":\"fr-FR\"},{\"@type\":\"Organization\",\"@id\":\"https:\/\/masquestar.com\/#organization\",\"name\":\"Masquestar\",\"url\":\"https:\/\/masquestar.com\/\",\"logo\":{\"@type\":\"ImageObject\",\"inLanguage\":\"fr-FR\",\"@id\":\"https:\/\/masquestar.com\/#\/schema\/logo\/image\/\",\"url\":\"https:\/\/masquestar.com\/wp-content\/uploads\/2024\/05\/logo-masquestar-696.jpg\",\"contentUrl\":\"https:\/\/masquestar.com\/wp-content\/uploads\/2024\/05\/logo-masquestar-696.jpg\",\"width\":696,\"height\":696,\"caption\":\"Masquestar\"},\"image\":{\"@id\":\"https:\/\/masquestar.com\/#\/schema\/logo\/image\/\"}}]}<\/script>\n<!-- \/ Yoast SEO plugin. -->","yoast_head_json":{"title":"Politique de confidentialit\u00e9 - Masquestar","robots":{"index":"noindex","follow":"nofollow"},"og_locale":"fr_FR","og_type":"article","og_title":"Politique de confidentialit\u00e9 - Masquestar","og_description":"El Reglamento (UE) 2016\/679 de protecci\u00f3n de datos de car\u00e1cter personal, establece un nuevo enfoque para el control y el tratamiento de los datos de car\u00e1cter personal. Hemos revisado y adaptado nuestra pol\u00edtica de privacidad a los nuevos requisitos y queremos ofrecer mayor informaci\u00f3n y transparencia en relaci\u00f3n con el tratamiento de los datos personales. [&hellip;]","og_url":"https:\/\/masquestar.com\/politica-de-privacidad\/","og_site_name":"Masquestar","article_modified_time":"2024-06-11T11:27:37+00:00","og_image":[{"width":1200,"height":675,"url":"https:\/\/masquestar.com\/wp-content\/uploads\/2024\/05\/logo-masquestar-1200.jpg","type":"image\/jpeg"}],"twitter_card":"summary_large_image","twitter_misc":{"Dur\u00e9e de lecture estim\u00e9e":"3 minutes"},"schema":{"@context":"https:\/\/schema.org","@graph":[{"@type":"WebPage","@id":"https:\/\/masquestar.com\/politica-de-privacidad\/","url":"https:\/\/masquestar.com\/politica-de-privacidad\/","name":"Politique de confidentialit\u00e9 - Masquestar","isPartOf":{"@id":"https:\/\/masquestar.com\/#website"},"datePublished":"2022-02-04T06:57:55+00:00","dateModified":"2024-06-11T11:27:37+00:00","breadcrumb":{"@id":"https:\/\/masquestar.com\/politica-de-privacidad\/#breadcrumb"},"inLanguage":"fr-FR","potentialAction":[{"@type":"ReadAction","target":["https:\/\/masquestar.com\/politica-de-privacidad\/"]}]},{"@type":"BreadcrumbList","@id":"https:\/\/masquestar.com\/politica-de-privacidad\/#breadcrumb","itemListElement":[{"@type":"ListItem","position":1,"name":"Portada","item":"https:\/\/masquestar.com\/"},{"@type":"ListItem","position":2,"name":"Politique de confidentialit\u00e9"}]},{"@type":"WebSite","@id":"https:\/\/masquestar.com\/#website","url":"https:\/\/masquestar.com\/","name":"Masquestar","description":"Alojamientos vacacionales","publisher":{"@id":"https:\/\/masquestar.com\/#organization"},"potentialAction":[{"@type":"SearchAction","target":{"@type":"EntryPoint","urlTemplate":"https:\/\/masquestar.com\/?s={search_term_string}"},"query-input":"required name=search_term_string"}],"inLanguage":"fr-FR"},{"@type":"Organization","@id":"https:\/\/masquestar.com\/#organization","name":"Masquestar","url":"https:\/\/masquestar.com\/","logo":{"@type":"ImageObject","inLanguage":"fr-FR","@id":"https:\/\/masquestar.com\/#\/schema\/logo\/image\/","url":"https:\/\/masquestar.com\/wp-content\/uploads\/2024\/05\/logo-masquestar-696.jpg","contentUrl":"https:\/\/masquestar.com\/wp-content\/uploads\/2024\/05\/logo-masquestar-696.jpg","width":696,"height":696,"caption":"Masquestar"},"image":{"@id":"https:\/\/masquestar.com\/#\/schema\/logo\/image\/"}}]}},"_links":{"self":[{"href":"https:\/\/masquestar.com\/fr\/wp-json\/wp\/v2\/pages\/913","targetHints":{"allow":["GET"]}}],"collection":[{"href":"https:\/\/masquestar.com\/fr\/wp-json\/wp\/v2\/pages"}],"about":[{"href":"https:\/\/masquestar.com\/fr\/wp-json\/wp\/v2\/types\/page"}],"author":[{"embeddable":true,"href":"https:\/\/masquestar.com\/fr\/wp-json\/wp\/v2\/users\/1"}],"replies":[{"embeddable":true,"href":"https:\/\/masquestar.com\/fr\/wp-json\/wp\/v2\/comments?post=913"}],"version-history":[{"count":1,"href":"https:\/\/masquestar.com\/fr\/wp-json\/wp\/v2\/pages\/913\/revisions"}],"predecessor-version":[{"id":914,"href":"https:\/\/masquestar.com\/fr\/wp-json\/wp\/v2\/pages\/913\/revisions\/914"}],"wp:attachment":[{"href":"https:\/\/masquestar.com\/fr\/wp-json\/wp\/v2\/media?parent=913"}],"curies":[{"name":"wp","href":"https:\/\/api.w.org\/{rel}","templated":true}]}}